{"id":8615,"date":"2026-02-11T16:59:18","date_gmt":"2026-02-11T15:59:18","guid":{"rendered":"https:\/\/www.albertoferre.com\/?page_id=8615"},"modified":"2026-02-11T17:07:17","modified_gmt":"2026-02-11T16:07:17","slug":"declaracion-de-accesibilidad","status":"publish","type":"page","link":"https:\/\/www.albertoferre.com\/en\/declaracion-de-accesibilidad\/","title":{"rendered":"Declaraci\u00f3n de accesibilidad"},"content":{"rendered":"<div data-elementor-type=\"wp-page\" data-elementor-id=\"8615\" class=\"elementor elementor-8615\" data-elementor-post-type=\"page\">\n\t\t\t\t<div class=\"elementor-element elementor-element-1ddfccd e-con-full e-flex e-con e-child\" data-id=\"1ddfccd\" data-element_type=\"container\" data-e-type=\"container\" data-settings=\"{&quot;background_background&quot;:&quot;classic&quot;}\">\n\t\t\t\t<div class=\"elementor-element elementor-element-6bff106 elementor-widget__width-inherit elementor-widget elementor-widget-heading\" data-id=\"6bff106\" data-element_type=\"widget\" data-e-type=\"widget\" data-widget_type=\"heading.default\">\n\t\t\t\t<div class=\"elementor-widget-container\">\n\t\t\t\t\t<h2 class=\"elementor-heading-title elementor-size-default\">Declaraci\u00f3n de accesibilidad<\/h2>\t\t\t\t<\/div>\n\t\t\t\t<\/div>\n\t\t\t\t<\/div>\n\t\t<div class=\"elementor-element elementor-element-835e84c e-flex e-con-boxed e-con e-parent\" data-id=\"835e84c\" data-element_type=\"container\" data-e-type=\"container\">\n\t\t\t\t\t<div class=\"e-con-inner\">\n\t\t<div class=\"elementor-element elementor-element-12d05cd e-con-full e-flex e-con e-child\" data-id=\"12d05cd\" data-element_type=\"container\" data-e-type=\"container\">\n\t\t\t\t<div class=\"elementor-element elementor-element-b13277b elementor-widget__width-initial elementor-widget elementor-widget-heading\" data-id=\"b13277b\" data-element_type=\"widget\" data-e-type=\"widget\" data-widget_type=\"heading.default\">\n\t\t\t\t<div class=\"elementor-widget-container\">\n\t\t\t\t\t<h2 class=\"elementor-heading-title elementor-size-default\">Declaraci\u00f3n de accesibilidad | TEXTILES FERRE SANZ S.L<\/h2>\t\t\t\t<\/div>\n\t\t\t\t<\/div>\n\t\t\t\t<div class=\"elementor-element elementor-element-9f9205f elementor-widget__width-initial elementor-widget elementor-widget-text-editor\" data-id=\"9f9205f\" data-element_type=\"widget\" data-e-type=\"widget\" data-widget_type=\"text-editor.default\">\n\t\t\t\t<div class=\"elementor-widget-container\">\n\t\t\t\t\t\t\t\t\t<p data-start=\"656\" data-end=\"827\">En Alberto Ferre trabajamos para que nuestro sitio web sea accesible para el mayor n\u00famero posible de personas, independientemente de sus capacidades t\u00e9cnicas o personales.<\/p><p data-start=\"829\" data-end=\"1083\">Nos comprometemos a mejorar continuamente la experiencia de navegaci\u00f3n y aplicar buenas pr\u00e1cticas de accesibilidad digital, conforme a los principios de dise\u00f1o universal y a las recomendaciones de las Pautas de Accesibilidad para el Contenido Web (WCAG).<\/p><h3 data-start=\"1085\" data-end=\"1114\">Situaci\u00f3n de cumplimiento<\/h3><p data-start=\"1116\" data-end=\"1265\">Este sitio web est\u00e1 parcialmente alineado con las WCAG 2.1 nivel AA, debido a posibles incidencias puntuales en algunos contenidos o funcionalidades.<\/p><h3 data-start=\"1267\" data-end=\"1288\">Medidas adoptadas<\/h3><p data-start=\"1290\" data-end=\"1350\">Con el objetivo de mejorar la accesibilidad, este sitio web:<\/p><ul data-start=\"1352\" data-end=\"1663\"><li data-start=\"1352\" data-end=\"1410\"><p data-start=\"1354\" data-end=\"1410\">Utiliza una estructura clara y coherente de encabezados.<\/p><\/li><li data-start=\"1411\" data-end=\"1464\"><p data-start=\"1413\" data-end=\"1464\">Incluye textos alternativos en im\u00e1genes relevantes.<\/p><\/li><li data-start=\"1465\" data-end=\"1503\"><p data-start=\"1467\" data-end=\"1503\">Permite navegaci\u00f3n mediante teclado.<\/p><\/li><li data-start=\"1504\" data-end=\"1554\"><p data-start=\"1506\" data-end=\"1554\">Mantiene contraste adecuado entre texto y fondo.<\/p><\/li><li data-start=\"1555\" data-end=\"1663\"><p data-start=\"1557\" data-end=\"1663\">Incorpora herramientas de mejora de accesibilidad para facilitar la lectura y visualizaci\u00f3n del contenido.<\/p><\/li><\/ul><h3 data-start=\"1665\" data-end=\"1702\">Observaciones y datos de contacto<\/h3><p data-start=\"1704\" data-end=\"1824\">Si detectas alguna barrera de accesibilidad o deseas realizar una sugerencia de mejora, puedes contactarnos a trav\u00e9s de:<\/p><p data-start=\"1704\" data-end=\"1824\"><a class=\"decorated-link cursor-pointer\" rel=\"noopener\" data-start=\"1826\" data-end=\"1849\">correo@albertoferre.com<\/a><br data-start=\"1849\" data-end=\"1852\" \/>Tel\u00e9fono: +34 965 56 63 40<\/p><p data-start=\"1882\" data-end=\"1960\">Revisaremos tu solicitud y trabajaremos para mejorar la experiencia del sitio.<\/p>\t\t\t\t\t\t\t\t<\/div>\n\t\t\t\t<\/div>\n\t\t\t\t<\/div>\n\t\t\t\t\t<\/div>\n\t\t\t\t<\/div>\n\t\t\t\t<\/div>","protected":false},"excerpt":{"rendered":"<p>Declaraci\u00f3n de accesibilidad Declaraci\u00f3n de accesibilidad | TEXTILES FERRE SANZ S.L En Alberto Ferre trabajamos para que nuestro sitio web [&hellip;]<\/p>\n","protected":false},"author":1,"featured_media":0,"parent":0,"menu_order":0,"comment_status":"closed","ping_status":"closed","template":"","meta":{"site-sidebar-layout":"no-sidebar","site-content-layout":"","ast-site-content-layout":"full-width-container","site-content-style":"default","site-sidebar-style":"default","ast-global-header-display":"","ast-banner-title-visibility":"","ast-main-header-display":"","ast-hfb-above-header-display":"","ast-hfb-below-header-display":"","ast-hfb-mobile-header-display":"","site-post-title":"disabled","ast-breadcrumbs-content":"","ast-featured-img":"disabled","footer-sml-layout":"","ast-disable-related-posts":"","theme-transparent-header-meta":"default","adv-header-id-meta":"","stick-header-meta":"","header-above-stick-meta":"","header-main-stick-meta":"","header-below-stick-meta":"","astra-migrate-meta-layouts":"set","ast-page-background-enabled":"default","ast-page-background-meta":{"desktop":{"background-color":"var(--ast-global-color-4)","background-image":"","background-repeat":"repeat","background-position":"center center","background-size":"auto","background-attachment":"scroll","background-type":"","background-media":"","overlay-type":"","overlay-color":"","overlay-opacity":"","overlay-gradient":""},"tablet":{"background-color":"","background-image":"","background-repeat":"repeat","background-position":"center center","background-size":"auto","background-attachment":"scroll","background-type":"","background-media":"","overlay-type":"","overlay-color":"","overlay-opacity":"","overlay-gradient":""},"mobile":{"background-color":"","background-image":"","background-repeat":"repeat","background-position":"center center","background-size":"auto","background-attachment":"scroll","background-type":"","background-media":"","overlay-type":"","overlay-color":"","overlay-opacity":"","overlay-gradient":""}},"ast-content-background-meta":{"desktop":{"background-color":"var(--ast-global-color-5)","background-image":"","background-repeat":"repeat","background-position":"center center","background-size":"auto","background-attachment":"scroll","background-type":"","background-media":"","overlay-type":"","overlay-color":"","overlay-opacity":"","overlay-gradient":""},"tablet":{"background-color":"var(--ast-global-color-5)","background-image":"","background-repeat":"repeat","background-position":"center center","background-size":"auto","background-attachment":"scroll","background-type":"","background-media":"","overlay-type":"","overlay-color":"","overlay-opacity":"","overlay-gradient":""},"mobile":{"background-color":"var(--ast-global-color-5)","background-image":"","background-repeat":"repeat","background-position":"center center","background-size":"auto","background-attachment":"scroll","background-type":"","background-media":"","overlay-type":"","overlay-color":"","overlay-opacity":"","overlay-gradient":""}},"footnotes":""},"class_list":["post-8615","page","type-page","status-publish","hentry"],"_links":{"self":[{"href":"https:\/\/www.albertoferre.com\/en\/wp-json\/wp\/v2\/pages\/8615","targetHints":{"allow":["GET"]}}],"collection":[{"href":"https:\/\/www.albertoferre.com\/en\/wp-json\/wp\/v2\/pages"}],"about":[{"href":"https:\/\/www.albertoferre.com\/en\/wp-json\/wp\/v2\/types\/page"}],"author":[{"embeddable":true,"href":"https:\/\/www.albertoferre.com\/en\/wp-json\/wp\/v2\/users\/1"}],"replies":[{"embeddable":true,"href":"https:\/\/www.albertoferre.com\/en\/wp-json\/wp\/v2\/comments?post=8615"}],"version-history":[{"count":8,"href":"https:\/\/www.albertoferre.com\/en\/wp-json\/wp\/v2\/pages\/8615\/revisions"}],"predecessor-version":[{"id":8626,"href":"https:\/\/www.albertoferre.com\/en\/wp-json\/wp\/v2\/pages\/8615\/revisions\/8626"}],"wp:attachment":[{"href":"https:\/\/www.albertoferre.com\/en\/wp-json\/wp\/v2\/media?parent=8615"}],"curies":[{"name":"wp","href":"https:\/\/api.w.org\/{rel}","templated":true}]}}